{"id":28,"date":"2015-09-23T19:05:49","date_gmt":"2015-09-23T19:05:49","guid":{"rendered":"http:\/\/wp.hebelbund.de\/?page_id=28"},"modified":"2023-01-19T12:56:24","modified_gmt":"2023-01-19T12:56:24","slug":"veranstaltungen","status":"publish","type":"page","link":"https:\/\/hebelbund.de\/?page_id=28","title":{"rendered":"Veranstaltungen"},"content":{"rendered":"<div style=\"width:800px\" id=\"mtphr-dnt-2015\" class=\"mtphr-dnt mtphr-dnt-2015 mtphr-dnt-default mtphr-dnt-scroll mtphr-dnt-scroll-left\"><div class=\"mtphr-dnt-wrapper mtphr-dnt-clearfix\"><div class=\"mtphr-dnt-tick-container\"><div class=\"mtphr-dnt-tick-contents\"><div style=\"white-space:normal;width:800px;height:30px;\" class=\"mtphr-dnt-tick mtphr-dnt-default-tick mtphr-dnt-clearfix \"><a href=\"https:\/\/hebelbund.de\/wp-content\/uploads\/2019\/01\/beitrittserkl\u00e4rung19.pdf\" target=\"_blank\">Werden Sie Mitglied im Hebelbund<\/a><\/div><\/div><\/div><\/div><\/div>\n<p>&nbsp;<\/p>\n<div id=\"vsel\" class=\"vsel-shortcode vsel-shortcode-upcoming-events\"><div id=\"event-27667\" class=\"vsel-content vsel-upcoming vsel-current\"><div class=\"vsel-meta vsel-alignleft\" style=\"width:36%;\"><h3 class=\"vsel-meta-title\">&#8222;Literarische Begegnungen&#8220;<\/h3><div class=\"vsel-meta-date vsel-meta-start-date\">Startdatum: <span>1. M\u00e4rz 2026<\/span><\/div><div class=\"vsel-meta-date vsel-meta-end-date\">Enddatum: <span>15. November 2026<\/span><\/div><div class=\"vsel-meta-time\">Uhrzeit: <span>17:00<\/span><\/div><\/div><div class=\"vsel-info vsel-alignright\" style=\"width:60%;\"><div class=\"vsel-text\"><p>Im Gedenkjahr 2026 laden wir Hebelpreistr\u00e4ger des Landes wieder nach L\u00f6rrach ein.<br \/>\nDie &#8222;Literarischen Begegnungen&#8220; finden jeweils um 17:00 im Dreil\u00e4ndermuseum statt:<\/p>\n<p><strong>So kommt es 2026 zu einer (Wieder-)Begegnung mit<\/strong><\/p>\n<ul>\n<li>1. M\u00e4rz 2026: Karl-Heinz Ott (Hebelpreis 2012)<\/li>\n<li>17. Mai 2026: Monika Helfer (Hebelpreis 2022) und<br \/>\nMichael K\u00f6hlmeier (Hebelpreis 1988)<\/li>\n<li>27. September 2026: Arnold Stadler (Hebelpreis 2010)<\/li>\n<li>15. November 2026: Lukas B\u00e4rfuss (Hebelpreis 2016)<\/li>\n<\/ul>\n<p>Seit \u00fcber einem Jahrzehnt ist es auch gute Tradition geworden, dass wir den jeweils aktuellen Preistr\u00e4ger \/ die jeweils aktuelle Preistr\u00e4gerin im Jahr nach der Verleihung ins Dreil\u00e4ndermuseum einladen. Freuen Sie sich 2027 auf eine Begegnung mit <strong>Annette Pehnt<\/strong>.<\/p>\n<p>Der Eintritt zu allen Veranstaltungen ist frei; um eine angemessene Spende wird gebeten.\u00a0Einf\u00fchrende Worte spricht der Pr\u00e4sident des Hebelbundes Volker Habermaier.<\/p>\n<\/div><\/div><\/div><div id=\"event-27707\" class=\"vsel-content vsel-upcoming vsel-future\"><div class=\"vsel-meta vsel-alignleft\" style=\"width:36%;\"><h3 class=\"vsel-meta-title\">&#8222;Sonnt\u00e4gliche Matin\u00e9en&#8220;<\/h3><div class=\"vsel-meta-date vsel-meta-start-date\">Startdatum: <span>14. Juni 2026<\/span><\/div><div class=\"vsel-meta-date vsel-meta-end-date\">Enddatum: <span>13. Dezember 2026<\/span><\/div><div class=\"vsel-meta-time\">Uhrzeit: <span>11:00<\/span><\/div><div class=\"vsel-meta-location\">Ort: <span>Dreil\u00e4ndermuseum<\/span><\/div><\/div><div class=\"vsel-info vsel-alignright\" style=\"width:60%;\"><div class=\"vsel-text\"><ul>\n<li>14. Juni 2026: <strong>Uli F\u00fchre<\/strong> mit Liedern zu Texten von Hebel und anderen<\/li>\n<li>11. Oktober 2026: <strong>Thomas Wei\u00df<\/strong> mit &#8222;Johann Peter Hebel. Der Heimatfl\u00fcsterer&#8220;<\/li>\n<li>13. Dezember 2026: <strong>&#8222;Hebel Wirkungen&#8220;. Urs Faes, Markus Manfred Jung und Pierre Kretz<\/strong> (Hebelpreis 2024) lesen Texte von Hebel und antworten auf sie.<br \/>\nSebastian Mattm\u00fcller, Pr\u00e4sident der Basler Hebelstiftung, spricht ein Gru\u00dfwort und steuert eine musikalische \u00dcberraschung bei \u00a0(Kooperation mit der Basler Hebelstiftung)<\/li>\n<\/ul>\n<p><strong>Vorank\u00fcndigung:<\/strong> Eine Matin\u00e9e zu Jonas Breitenstein, dem Pionier der Baselbieter Mundartliteratur, an dessen 150. Todestag wir 2027 erinnern, findet zu Beginn\u00a0des Gedenkjahres statt. Als Referenten und Vortragenden haben wir R\u00e9my Suter eingeladen. Sie werden \u00fcber den Termin informiert.<\/p>\n<p>Der Eintritt zu allen Veranstaltungen ist frei; um eine angemessene Spende wird gebeten.\u00a0Einf\u00fchrende Worte spricht der Pr\u00e4sident des Hebelbundes Volker Habermaier.<\/p>\n<\/div><\/div><\/div><div id=\"event-27683\" class=\"vsel-content vsel-upcoming vsel-future\"><div class=\"vsel-meta vsel-alignleft\" style=\"width:36%;\"><h3 class=\"vsel-meta-title\">Johann Peter Hebel<\/h3><div class=\"vsel-meta-date vsel-meta-single-date\">Datum: <span>25. August 2026<\/span><\/div><div class=\"vsel-meta-time\">Uhrzeit: <span>15:00 - 17:00<\/span><\/div><div class=\"vsel-meta-link\"><a href=\"https:\/\/hebelbund.de\/wp-content\/uploads\/2026\/03\/Ausscht-Vergaenglichkeit.pdf\" rel=\"noopener noreferrer\" rel=\"noopener noreferrer\" target=\"_blank\" title=\"https:\/\/hebelbund.de\/wp-content\/uploads\/2026\/03\/Ausscht-Vergaenglichkeit.pdf\">Informationen als PDF<\/a><\/div><\/div><div class=\"vsel-info vsel-alignright\" style=\"width:60%;\"><div class=\"vsel-text\"><p><strong>Die Verg\u00e4nglichkeit<br \/>\nVortrag und Kunstbetrachtung mit Bettina Eichin und Markus Manfred Jung<\/strong><\/p>\n<p>Eine Gemeinschaftsveranstaltung von Hebelbund L\u00f6rrach und Elsass-Freunde Basel<\/p>\n<p>&nbsp;<\/p>\n<p>Am <strong>25.08.2026<\/strong> im <strong>Kreuzgang des Basler M\u00fcnsters<\/strong> am Kunstwerk \u201eMarkttische\u201c von Bettina Eichin und im Caf\u00e9 \u201eIsaak\u201c gegen\u00fcber des M\u00fcnsters, von 15h00 bis 17h00.<\/p>\n<p>&nbsp;<\/p>\n<p>Der Schriftsteller Markus Manfred Jung aus dem Wiesental liest Johann Peter Hebels Weltgedicht \u201eDie Verg\u00e4nglichkeit\u201c in der alemannischen Originalsprache und erkl\u00e4rt und deutet es im Anschluss daran.<\/p>\n<p>Die K\u00fcnstlerin Bettina Eichin spricht \u00fcber die Entstehung ihrer Skulptur \u201eMarkttische\u201c und deren Ver\u00e4nderung nach der Umweltkatastrophe von Schweizerhalle am Allerheiligen-Tag 1986, als sie einen der Tische Hebels Gedicht in seiner Gesamtheit widmete. Dabei geht sie auch auf die seltsamen Verwicklungen ein, die das Kunstwerk hervorrief und die K\u00fcnstlerin erleben musste.<\/p>\n<p>Nach ca. einer Stunde wechselt man in das renommierte Gasthaus \u201eIsaak\u201c auf dem M\u00fcnsterplatz, wo man sich bei Kaffee und Kuchen aussprechen und N\u00e4heres erfragen kann.<\/p>\n<p>&nbsp;<\/p>\n<p>Unkostenbeitrag 20.- \u20ac\/SFr (Kaffee und Kuchen inklusive)<\/p>\n<p>&nbsp;<\/p>\n<p>Anmeldung \u00fcber <a href=\"mailto:markusmanfredjung@gmx.de\">markusmanfredjung@gmx.de<\/a><\/p>\n<p>&nbsp;<\/p>\n<p><a href=\"http:\/\/www.elsass-freunde-basel.ch\/\">www.elsass-freunde-basel.ch<\/a><br \/>\n<a href=\"http:\/\/www.hebelbund.de\/\">www.hebelbund.de<\/a><br \/>\n<a href=\"http:\/\/www.markusmanfredjung.de\" target=\"_blank\" rel=\"noopener\">www.markusmanfredjung.de<\/a><\/p>\n<\/div><\/div><\/div><div id=\"event-27680\" class=\"vsel-content vsel-upcoming vsel-future\"><div class=\"vsel-meta vsel-alignleft\" style=\"width:36%;\"><h3 class=\"vsel-meta-title\">Der DreylandDichterweg<\/h3><div class=\"vsel-meta-date vsel-meta-single-date\">Datum: <span>1. September 2026<\/span><\/div><div class=\"vsel-meta-time\">Uhrzeit: <span>15:00 - 18:00<\/span><\/div><div class=\"vsel-meta-location\">Ort: <span>Start: Infotafel am Rheinpark Weil am Rhein<\/span><\/div><div class=\"vsel-meta-link\"><a href=\"https:\/\/hebelbund.de\/wp-content\/uploads\/2026\/03\/Ausscht-Dreyland-Dichterweg.pdf\" rel=\"noopener noreferrer\" rel=\"noopener noreferrer\" target=\"_blank\" title=\"https:\/\/hebelbund.de\/wp-content\/uploads\/2026\/03\/Ausscht-Dreyland-Dichterweg.pdf\">Informationen als PDF<\/a><\/div><\/div><div class=\"vsel-info vsel-alignright\" style=\"width:60%;\"><div class=\"vsel-text\"><p>Weil am Rhein\/D \u2013 Huningue\/F \u2013 Basel\/CH<\/p>\n<p><strong>\u00a0<\/strong><\/p>\n<p><strong>Eine Begehung mit Lesung von Markus Manfred Jung, Edgar Zeidler und Hans-J\u00f6rg Renk<\/strong><\/p>\n<p><strong>\u00a0<\/strong><\/p>\n<p>Eine Gemeinschaftsveranstaltung von Hebelbund L\u00f6rrach, Kulturverein Elsass-Freunde Basel, AGATe und Schwarzwaldverein, Ortsgruppe Basel<\/p>\n<p>&nbsp;<\/p>\n<p><strong>Am Dienstag, dem 01.September 2026<\/strong> mit Treffpunkt an der <strong>Infotafel am Rheinpark Weil am Rhein, <\/strong>von 15h00 bis 18h00. Anschlie\u00dfend M\u00f6glichkeit zur Einkehr in Huningue.<\/p>\n<p>&nbsp;<\/p>\n<p>Die drei Organisatoren, alle Mitbegr\u00fcnder des DreylandDichterwegs, lesen die 27 Gedichte in der jeweiligen Mundart und stellen kurz deren Verfasserinnen und Verfasser vor. Die Gedichttafeln, je neun auf badisch-alemannisch, els\u00e4ssisch und baseldytsch, sind entlang des Rheins platziert, vom Rheinpark Weil \u00fcber die Dreil\u00e4nderbr\u00fccke zur Rheinpromenade H\u00fcningen bis an die Basler Dreirosenbr\u00fccke.<\/p>\n<p>Es ist m\u00f6glich, anschlie\u00dfend den Weg zur\u00fcckzugehen bis Huningue und dort in einer Gastst\u00e4tte mit den Organisatoren einzukehren. Man kann aber auch von der Dreirosenbr\u00fccke mit Tram 1 ab Haltestelle Novartis und Umstieg bei der ersten Haltestelle auf der anderen Rheinseite auf Tram 8 in Richtung Weil zum Ausgangspunkt zur\u00fcckfahren. Kostenlose Parkm\u00f6glichkeit f\u00fcr Autos (vier Stunden lang) im Parkhaus Rhein Center.<\/p>\n<p>&nbsp;<\/p>\n<p>Unkostenbeitrag 10.- \u20ac\/SFr (wird vor Ort eingesammelt)<\/p>\n<p>&nbsp;<\/p>\n<p>Anmeldung \u00fcber <a href=\"mailto:markusmanfredjung@gmx.de\">markusmanfredjung@gmx.de<\/a><br \/>\nerw\u00fcnscht, aber nicht notwendig.<\/p>\n<p><a href=\"http:\/\/www.elsass-freunde-basel.ch\/\">www.elsass-freunde-basel.ch<\/a><br \/>\n<a href=\"http:\/\/www.dreylanddichterweg.eu\" target=\"_blank\" rel=\"noopener\">www.dreylanddichterweg.eu<\/a><br \/>\n<a href=\"http:\/\/www.hebelbund.de\/\" target=\"_blank\" rel=\"noopener\">www.hebelbund.de<\/a><br \/>\n<a href=\"http:\/\/www.agathe-orthal.fr\" target=\"_blank\" rel=\"noopener\">www.agathe-orthal.fr <\/a><br \/>\n<a href=\"http:\/\/www.schwarzwaldverein-basel.ch\" target=\"_blank\" rel=\"noopener\">www.schwarzwaldverein-basel.ch<\/a><br \/>\n<a href=\"http:\/\/www.markusmanfredjung.de\" target=\"_blank\" rel=\"noopener\">www.markusmanfredjung.de<\/a><\/p>\n<p>&nbsp;<\/p>\n<p><strong>\u00dcbrigens:<\/strong><\/p>\n<p><strong>Das zehnj\u00e4hrige Bestehen des DreylandDichterwegs wird am 24.04.2026 mit einem Festakt gefeiert, und zwar ab 14h00 in Huningue\/H\u00fcningen.<\/strong><\/p>\n<p>(siehe website www.elsass-freunde-basel.ch)<\/p>\n<p>&nbsp;<\/p>\n<\/div><\/div><\/div><div id=\"event-27709\" class=\"vsel-content vsel-upcoming vsel-future\"><div class=\"vsel-meta vsel-alignleft\" style=\"width:36%;\"><h3 class=\"vsel-meta-title\">&#8222;Mit Hebel unterwegs&#8220;<\/h3><div class=\"vsel-meta-date vsel-meta-single-date\">Datum: <span>26. September 2026<\/span><\/div><div class=\"vsel-meta-time vsel-meta-all-day\">Ganzt\u00e4giges Event<\/div><\/div><div class=\"vsel-info vsel-alignright\" style=\"width:60%;\"><div class=\"vsel-text\"><p>Wir fahren in unserer Reihe <strong>&#8222;Mit Hebel unterwegs&#8220;<\/strong> am 200. Todestag Hebels (26.09.2026) nach Schwetzingen und besuchen sein Grab. N\u00e4here Informationen und Anmeldung bei <a href=\"mailto:hemberger.inge@gmail.com\">hemberger.inge@gmail.com<\/a>.<\/p>\n<\/div><\/div><\/div><div class=\"vsel-nav\"><\/div><\/div>\n","protected":false},"excerpt":{"rendered":"<p>&nbsp;<\/p>\n","protected":false},"author":3,"featured_media":0,"parent":0,"menu_order":0,"comment_status":"closed","ping_status":"closed","template":"","meta":{"footnotes":""},"class_list":["post-28","page","type-page","status-publish","hentry"],"_links":{"self":[{"href":"https:\/\/hebelbund.de\/index.php?rest_route=\/wp\/v2\/pages\/28","targetHints":{"allow":["GET"]}}],"collection":[{"href":"https:\/\/hebelbund.de\/index.php?rest_route=\/wp\/v2\/pages"}],"about":[{"href":"https:\/\/hebelbund.de\/index.php?rest_route=\/wp\/v2\/types\/page"}],"author":[{"embeddable":true,"href":"https:\/\/hebelbund.de\/index.php?rest_route=\/wp\/v2\/users\/3"}],"replies":[{"embeddable":true,"href":"https:\/\/hebelbund.de\/index.php?rest_route=%2Fwp%2Fv2%2Fcomments&post=28"}],"version-history":[{"count":19,"href":"https:\/\/hebelbund.de\/index.php?rest_route=\/wp\/v2\/pages\/28\/revisions"}],"predecessor-version":[{"id":27460,"href":"https:\/\/hebelbund.de\/index.php?rest_route=\/wp\/v2\/pages\/28\/revisions\/27460"}],"wp:attachment":[{"href":"https:\/\/hebelbund.de\/index.php?rest_route=%2Fwp%2Fv2%2Fmedia&parent=28"}],"curies":[{"name":"wp","href":"https:\/\/api.w.org\/{rel}","templated":true}]}}