{"id":77,"date":"2015-10-21T13:21:02","date_gmt":"2015-10-21T13:21:02","guid":{"rendered":"http:\/\/wp.hebelbund.de\/?page_id=77"},"modified":"2022-04-19T12:05:37","modified_gmt":"2022-04-19T12:05:37","slug":"der-hebelbund-loerrach","status":"publish","type":"page","link":"https:\/\/hebelbund.de\/?page_id=77","title":{"rendered":"Der Hebelbund L\u00f6rrach"},"content":{"rendered":"<p>wurde 1947 gegr\u00fcndet. Seitdem ist er bestrebt, das Wirken und das Werk Johann Peter Hebels im Bewusstsein der Menschen zu erhalten und neu zu vermitteln.<br \/>\nDazu hat der Hebelbund im wesentlichen drei Veranstaltungsformen entwickelt: den &#8222;Hebel-Sonntag&#8220;, die &#8222;Literarischen Begegnungen&#8220; und die Reihe &#8222;Mit Hebel unterwegs&#8220;.<\/p>\n<p>Der &#8222;Hebel-Sonntag&#8220; findet j\u00e4hrlich statt: Er beginnt mit dem Hebelgottesdienst, durch den deutlich wird, dass Hebel immer &#8222;predigt&#8220;, auch wenn er Gedichte oder Kalendergeschichten schreibt. Nach dem Gottesdienst das &#8222;Schatzk\u00e4stlein&#8220; mit Vortr\u00e4gen von Fachleuten aus unterschiedlichen Bereichen (Theologen, Germanisten, Juristen, Kulturwissenschaftler, Schriftsteller&#8230;) \u00fcber das Werk Hebels. Im Schatzk\u00e4stlein verleiht der Hebelbund j\u00e4hrlich den &#8222;Hebeldank&#8220; an Menschen, die heute im Sinne Johann Peter Hebels wirken und arbeiten.<\/p>\n<p>In der Reihe &#8222;Literarische Begegnungen&#8220; kommen an j\u00e4hrlich vier Abenden Menschen zu Wort, die heute auf der Linie Hebels dichten, Lieder machen, erz\u00e4hlen; aber auch solche, die Hebel erforscht haben. Die Reihe &#8222;Mit Hebel unterwegs&#8220; f\u00fchrt die Teilnehmenden in jedem Herbst an Orte, die mittelbar oder unmittelbar mit Hebel zu tun haben (bis jetzt Weil am Rhein, Schloss B\u00fcrgeln, Hausen im Wiesental). Hebel selbst war ja viel unterwegs, man k\u00f6nnte manchmal denken, er war ein &#8222;rastloser Geselle&#8220;.<\/p>\n<p>Der Hebelbund dokumentiert alle seine Veranstaltungen in seiner Jahresschrift, die von 1952 an j\u00e4hrlich ver\u00f6ffentlicht wird.<\/p>\n<p>Der Hebelbund L\u00f6rrach arbeitet zusammen mit der Stadt L\u00f6rrach, dem Landkreis L\u00f6rrach, dem Dreil\u00e4ndermuseum L\u00f6rrach (ehemals Museum am Burghof), dem Burghof in L\u00f6rrach, der Hebelstiftung in Basel, der Gemeinde Hausen im Wiesental, dem Museum in Schopfheim, dem Museum in M\u00fcllheim, dem Museum f\u00fcr Literatur am Oberrhein in Karlsruhe, der Ev. Kirchengemeinde L\u00f6rrach, dem Ev. Kirchenbezirk Markgr\u00e4flerland, der Ev. Landeskirche in Baden.<\/p>\n<p>Bei alledem denkt der Hebelbund ebenso \u00fcber Grenzen hinweg, wie Johann Peter Hebel es auch tat, und erm\u00f6glicht immer wieder grenz\u00fcberschreitende Begegnungen.<\/p>\n<p>&nbsp;<\/p>\n<div style=\"width:800px\" id=\"mtphr-dnt-2015\" class=\"mtphr-dnt mtphr-dnt-2015 mtphr-dnt-default mtphr-dnt-scroll mtphr-dnt-scroll-left\"><div class=\"mtphr-dnt-wrapper mtphr-dnt-clearfix\"><div class=\"mtphr-dnt-tick-container\"><div class=\"mtphr-dnt-tick-contents\"><div style=\"white-space:normal;width:800px;height:30px;\" class=\"mtphr-dnt-tick mtphr-dnt-default-tick mtphr-dnt-clearfix \"><a href=\"https:\/\/hebelbund.de\/wp-content\/uploads\/2019\/01\/beitrittserkl\u00e4rung19.pdf\" target=\"_blank\">Werden Sie Mitglied im Hebelbund<\/a><\/div><\/div><\/div><\/div><\/div>\n","protected":false},"excerpt":{"rendered":"<p>wurde 1947 gegr\u00fcndet. Seitdem ist er bestrebt, das Wirken und das Werk Johann Peter Hebels im Bewusstsein der Menschen zu erhalten und neu zu vermitteln. Dazu hat der Hebelbund im wesentlichen drei Veranstaltungsformen entwickelt: den &#8222;Hebel-Sonntag&#8220;, die &#8222;Literarischen Begegnungen&#8220; und die Reihe &#8222;Mit Hebel unterwegs&#8220;. Der &#8222;Hebel-Sonntag&#8220; findet j\u00e4hrlich statt: Er beginnt mit dem Hebelgottesdienst, &hellip; <a href=\"https:\/\/hebelbund.de\/?page_id=77\" class=\"more-link\">Continue reading <span class=\"screen-reader-text\">Der Hebelbund L\u00f6rrach<\/span><\/a><\/p>\n","protected":false},"author":3,"featured_media":0,"parent":0,"menu_order":0,"comment_status":"closed","ping_status":"closed","template":"","meta":{"footnotes":""},"class_list":["post-77","page","type-page","status-publish","hentry"],"_links":{"self":[{"href":"https:\/\/hebelbund.de\/index.php?rest_route=\/wp\/v2\/pages\/77","targetHints":{"allow":["GET"]}}],"collection":[{"href":"https:\/\/hebelbund.de\/index.php?rest_route=\/wp\/v2\/pages"}],"about":[{"href":"https:\/\/hebelbund.de\/index.php?rest_route=\/wp\/v2\/types\/page"}],"author":[{"embeddable":true,"href":"https:\/\/hebelbund.de\/index.php?rest_route=\/wp\/v2\/users\/3"}],"replies":[{"embeddable":true,"href":"https:\/\/hebelbund.de\/index.php?rest_route=%2Fwp%2Fv2%2Fcomments&post=77"}],"version-history":[{"count":13,"href":"https:\/\/hebelbund.de\/index.php?rest_route=\/wp\/v2\/pages\/77\/revisions"}],"predecessor-version":[{"id":22272,"href":"https:\/\/hebelbund.de\/index.php?rest_route=\/wp\/v2\/pages\/77\/revisions\/22272"}],"wp:attachment":[{"href":"https:\/\/hebelbund.de\/index.php?rest_route=%2Fwp%2Fv2%2Fmedia&parent=77"}],"curies":[{"name":"wp","href":"https:\/\/api.w.org\/{rel}","templated":true}]}}