{"id":885,"date":"2015-11-21T10:48:05","date_gmt":"2015-11-21T10:48:05","guid":{"rendered":"http:\/\/wp.hebelbund.de\/?page_id=885"},"modified":"2023-01-19T12:30:09","modified_gmt":"2023-01-19T12:30:09","slug":"impressum","status":"publish","type":"page","link":"https:\/\/hebelbund.de\/?page_id=885","title":{"rendered":"Impressum"},"content":{"rendered":"<h2>Angaben gem\u00e4\u00df \u00a7 5 TMG:<\/h2>\n<p>Hebelbund L\u00f6rrach e.V.<br \/>\nK\u00fcrnberg Haus 105<br \/>\n79650 Schopfheim<\/p>\n<h2>Vertreten durch:<\/h2>\n<p>Oberstudiendirektor Volker Habermaier<br \/>\nK\u00fcrnberg Haus 105<br \/>\n79650 Schopfheim<\/p>\n<h2>Kontakt:<\/h2>\n<p>Telefon: +49 7622 3173 +49 7622 3173<br \/>\nE-Mail:\u00a0v.habermaier@hebelbund.de<\/p>\n<h2>Registereintrag:<\/h2>\n<p>Eintragung im Vereinsregister.<br \/>\nRegistergericht: Amtsgericht\u00a0Freiburg i. Br.<br \/>\nRegisternummer: VR 410173<\/p>\n<h2>Umsatzsteuer-ID:<\/h2>\n<p>Umsatzsteuer-Identifikationsnummer gem\u00e4\u00df \u00a727 a Umsatzsteuergesetz:<br \/>\n11007\/07492<\/p>\n<h2>Verantwortlich f\u00fcr den Inhalt nach \u00a7 55 Abs. 2 RStV:<\/h2>\n<p>Oberstudiendirektor Volker Habermaier<br \/>\nK\u00fcrnberg Haus 105<br \/>\n79650 Schopfheim<\/p>\n<p>Quelle: <em><a href=\"http:\/\/www.e-recht24.de\" rel=\"nofollow\">http:\/\/www.e-recht24.de<\/a><\/em><\/p>\n<p><a href=\"\/?page_id=888\">Haftungsausschluss (Disclaimer)<\/a><br \/>\n<a href=\"\/?page_id=891\">Datenschutzerkl\u00e4rung<\/a><\/p>\n","protected":false},"excerpt":{"rendered":"<p>Angaben gem\u00e4\u00df \u00a7 5 TMG: Hebelbund L\u00f6rrach e.V. K\u00fcrnberg Haus 105 79650 Schopfheim Vertreten durch: Oberstudiendirektor Volker Habermaier K\u00fcrnberg Haus 105 79650 Schopfheim Kontakt: Telefon: +49 7622 3173 +49 7622 3173 E-Mail:\u00a0v.habermaier@hebelbund.de Registereintrag: Eintragung im Vereinsregister. Registergericht: Amtsgericht\u00a0Freiburg i. Br. Registernummer: VR 410173 Umsatzsteuer-ID: Umsatzsteuer-Identifikationsnummer gem\u00e4\u00df \u00a727 a Umsatzsteuergesetz: 11007\/07492 Verantwortlich f\u00fcr den Inhalt nach &hellip; <a href=\"https:\/\/hebelbund.de\/?page_id=885\" class=\"more-link\">Continue reading <span class=\"screen-reader-text\">Impressum<\/span><\/a><\/p>\n","protected":false},"author":3,"featured_media":0,"parent":0,"menu_order":0,"comment_status":"closed","ping_status":"closed","template":"","meta":{"footnotes":""},"class_list":["post-885","page","type-page","status-publish","hentry"],"_links":{"self":[{"href":"https:\/\/hebelbund.de\/index.php?rest_route=\/wp\/v2\/pages\/885","targetHints":{"allow":["GET"]}}],"collection":[{"href":"https:\/\/hebelbund.de\/index.php?rest_route=\/wp\/v2\/pages"}],"about":[{"href":"https:\/\/hebelbund.de\/index.php?rest_route=\/wp\/v2\/types\/page"}],"author":[{"embeddable":true,"href":"https:\/\/hebelbund.de\/index.php?rest_route=\/wp\/v2\/users\/3"}],"replies":[{"embeddable":true,"href":"https:\/\/hebelbund.de\/index.php?rest_route=%2Fwp%2Fv2%2Fcomments&post=885"}],"version-history":[{"count":13,"href":"https:\/\/hebelbund.de\/index.php?rest_route=\/wp\/v2\/pages\/885\/revisions"}],"predecessor-version":[{"id":27458,"href":"https:\/\/hebelbund.de\/index.php?rest_route=\/wp\/v2\/pages\/885\/revisions\/27458"}],"wp:attachment":[{"href":"https:\/\/hebelbund.de\/index.php?rest_route=%2Fwp%2Fv2%2Fmedia&parent=885"}],"curies":[{"name":"wp","href":"https:\/\/api.w.org\/{rel}","templated":true}]}}