{"id":891,"date":"2015-11-21T10:53:12","date_gmt":"2015-11-21T10:53:12","guid":{"rendered":"http:\/\/wp.hebelbund.de\/?page_id=891"},"modified":"2018-11-02T10:23:24","modified_gmt":"2018-11-02T10:23:24","slug":"datenschutzerklaerung","status":"publish","type":"page","link":"https:\/\/hebelbund.de\/?page_id=891","title":{"rendered":"Datenschutzerkl\u00e4rung"},"content":{"rendered":"<p>Wir beachten die Regeln der anwendbaren Datenschutzgesetze.<\/p>\n<p>Mit den nachfolgenden Informationen geben wir einen \u00dcberblick \u00fcber die Verarbeitung\u00a0personenbezogener Daten unserer Mitglieder, Kooperationspartner, Vertragspartner und Sponsoren und deren Rechte aus der Datenschutz-Grundverordnung\u00a0(DS-GVO) und dem Bundesdatenschutzgesetz (BDSG).<\/p>\n<p><strong><strong>Wer\u00a0<\/strong>ist f\u00fcr die Datenverarbeitung verantwortlich und an wen kann ich mich wenden?<\/strong><\/p>\n<p>Verantwortliche Stelle i.S.v. Art. 4 Nr. 7 DSGVO ist:<\/p>\n<p><strong>Hebelbund L\u00f6rrach e.V.<\/strong><\/p>\n<p>Pr\u00e4sident Volker Habermaier<br \/>\nK\u00fcrnberg Haus Nr. 105<br \/>\n79850 Schopfheim<\/p>\n<p><a href=\"mailto:v.habermaier@hebelbund.de\" target=\"_blank\" rel=\"noopener\">v.habermaier@hebelbund.de<\/a><\/p>\n<p><strong>Cookies<\/strong><\/p>\n<p>Die\u00a0 von uns verwendeten Cookies sind so genannte \u201eSession-Cookies\u201c. Sie werden nach Ende Ihres Besuchs automatisch gel\u00f6scht.<\/p>\n<p><strong>Server-Log-Files<\/strong><\/p>\n<p>Der Provider der Seiten erhebt und speichert automatisch Informationen in so genannten Server-Log Files, die Ihr Browser automatisch an uns \u00fcbermittelt. Dies sind:<\/p>\n<ul>\n<li>Browsertyp\/ Browserversion<\/li>\n<li>verwendetes Betriebssystem<\/li>\n<li>Referrer URL<\/li>\n<li>Hostname des zugreifenden Rechners<\/li>\n<li>Uhrzeit der Serveranfrage<\/li>\n<\/ul>\n<p>Diese Daten sind nicht bestimmten Personen zuordenbar. Eine Zusammenf\u00fchrung dieser Daten mit anderen Datenquellen wird nicht vorgenommen. Wir behalten uns vor, diese Daten nachtr\u00e4glich zu pr\u00fcfen, wenn uns konkrete Anhaltspunkte f\u00fcr eine rechtswidrige Nutzung bekannt werden.<\/p>\n<p><strong>Newsletterdaten<\/strong><\/p>\n<p>Wenn Sie den auf der Webseite angebotenen Newsletter beziehen m\u00f6chten, ben\u00f6tigen wir von Ihnen eine E-Mail-Adresse sowie Informationen, welche uns die \u00dcberpr\u00fcfung gestatten, dass Sie der Inhaber der angegebenen E-Mail-Adresse sind und mit dem Empfang des Newsletters einverstanden sind. Weitere Daten werden nicht erhoben. Diese Daten verwenden wir ausschlie\u00dflich f\u00fcr den Versand der angeforderten Informationen und geben sie nicht an Dritte weiter.<\/p>\n<p>Die erteilte Einwilligung zur Speicherung der Daten, der E-Mail-Adresse sowie deren Nutzung zum Versand des Newsletters k\u00f6nnen Sie jederzeit widerrufen, etwa \u00fcber den \u201eAustragen\u201c-Link im Newsletter.<\/p>\n<p><strong>Verarbeitung von personenbezogenen Daten<\/strong><\/p>\n<p>Der Hebelbund L\u00f6rrach verarbeitet personenbezogene Daten nur soweit dies zur Wahrung oder F\u00f6rderung des Vereinszwecks erforderlich ist. Dabei handelt es sich um folgende Daten, soweit bekannt:<\/p>\n<ul>\n<li style=\"list-style-type: none;\">\n<ul>\n<li>Stammdaten (Name, Vorname, Titel, Anrede, Beginn der Mitgliedschaft, Anschrift, Geburtsdatum, E-Mail Adresse oder Telefon)<\/li>\n<li>Konto- und Bankverbindung<\/li>\n<li>Spendenbescheinigungen<\/li>\n<li>sowie Daten \u00fcber die Einladung, Anmeldung und Teilnahme an Veranstaltungen und Aktionen des Hebelbundes L\u00f6rrach.<\/li>\n<li>sowie Fotografien von Veranstaltungen und Aktionen<\/li>\n<\/ul>\n<\/li>\n<\/ul>\n<p>Rechtsgrundlage f\u00fcr die Erhebung von Stammdaten, Konto und Bankverbindung ist Art. 6 Abs. 1 lit. b) DS-GVO. Rechtsgrundlage f\u00fcr die Verarbeitung von Zuwendungsbetrag und Spendenbescheinigung sind gesetzliche Verpflichtung nach Art. 6 Abs. 1 lit. c). DS-GVO. Daten \u00fcber die Anmeldung und Teilnahme an Veranstaltungen und Aktionen verarbeiten wir aufgrund berechtigter Interessen des Hebelbund L\u00f6rrach nach Art. 6 Abs. 1 lit. f) DS-GVO. Fotografien verarbeiten wir auf gesetzlicher Grundlage nach \u00a7\u00a7 22, 23 Kunsturhebergesetz (KUG) als institutionalisierte Fotografien oder wenn Sie uns eine pers\u00f6nliche Einwilligung erteilt haben.<\/p>\n<p><strong>Wer bekommt personenbezogene Daten?<\/strong><\/p>\n<p>Die Daten werden ausschlie\u00dflich im Rahmen der F\u00f6rderung des Vereinszwecks genutzt. Eine\u00a0Weitergabe an Dritte erfolgt nicht. Sofern wir externe Dienstleister als Auftragsverarbeiter\u00a0beauftragen so erfolgt dies auf Grundlage von Vereinbarungen nach Art. 28 DS-GVO, \u00a7 62 BDSG.<strong>\u00a0<\/strong><\/p>\n<p><strong>Werden Daten in ein Drittland oder an eine internationale Organisation \u00fcbermittelt?<\/strong><\/p>\n<p>Eine Daten\u00fcbermittlung Ihrer personenbezogenen Daten in L\u00e4nder au\u00dferhalb der EU bzw. des EWR (sogenannte Drittstaaten) findet nicht statt.<\/p>\n<p><strong>Wie lange werden Daten gespeichert?<\/strong><\/p>\n<p>Personenbezogenen Daten werden verarbeitet und gespeichert, solange es f\u00fcr die Erf\u00fcllung unserer\u00a0satzungsgem\u00e4\u00dfen und gesetzlichen Pflichten erforderlich ist. Wir l\u00f6schen personenbezogenen Daten,\u00a0sobald sie f\u00fcr die oben genannten Zwecke nicht mehr erforderlich sind. Dabei kann es vorkommen,\u00a0dass personenbezogene Daten f\u00fcr die Zeit aufbewahrt werden, in der Anspr\u00fcche gegen uns geltend\u00a0gemacht werden k\u00f6nnen (gesetzliche Verj\u00e4hrungsfristen von drei oder bis zu drei\u00dfig Jahren). Zudem\u00a0speichern wir Ihre personenbezogenen Daten, soweit wir dazu gesetzlich verpflichtet sind.<\/p>\n<p><strong>Inwieweit gib es eine automatisierte Entscheidungsfindung (einschlie\u00dflich Profiling)?<\/strong><\/p>\n<p>Zur Begr\u00fcndung und Durchf\u00fchrung der Gesch\u00e4ftsbeziehung nutzen wir grunds\u00e4tzlich keine\u00a0vollautomatisierte Entscheidungsfindung gem\u00e4\u00df Artikel 22 DS-GVO. Wir setzten kein Profiling ein.<\/p>\n<p><strong>Welche Datenschutzrechte haben Betroffene?<\/strong><\/p>\n<p>Werden personenbezogene Daten verarbeitet, stehen Betroffenen die nachfolgenden Rechte\u00a0 zu. Ansprechpartner f\u00fcr die Geltendmachung von Datenschutzrechten ist unser<\/p>\n<p><strong>Kassenwart<\/strong><\/p>\n<p>Hanspeter Klicznik<br \/>\nGartenstr. 16<br \/>\n79541 L\u00f6rrach<\/p>\n<p>Telefon: 07621-51742 \u2013 eMail: <a href=\"mailto:info@hebelbund.de\" target=\"_blank\" rel=\"noopener\">info@hebelbund.de<\/a><\/p>\n<p><strong>a) Rechte nach Art. 15 ff. DS-GVO<\/strong><\/p>\n<p>(1) Sie haben das Recht auf <strong>Auskunft <\/strong>nach Artikel 15 DS-GVO. Unter bestimmten Voraussetzungen\u00a0haben Sie das Recht auf <strong>Berichtigung <\/strong>nach Artikel 16 DS-GVO, das <strong>Recht auf Einschr\u00e4nkung der\u00a0Verarbeitung <\/strong>nach Artikel 18 DS-GVO und das <strong>Recht auf L\u00f6schung <\/strong>(\u201eRecht auf Vergessenwerden\u201c)\u00a0nach Artikel 17 DS-GVO. Zudem haben Sie das Recht auf Herausgabe der von Ihnen bereitgestellten\u00a0Daten in einem strukturierten, g\u00e4ngigen und maschinenlesbaren Format (<strong>Recht auf\u00a0Daten\u00fcbertragbarkeit<\/strong>) nach Artikel 20 DS-GVO, sofern die Verarbeitung mithilfe automatisierter\u00a0Verfahren erfolgt und auf einer Einwilligung nach Art. 6 Abs. 1 lit. a) oder Art. 9 Abs. 2 lit. a) oder auf\u00a0einem Vertrag gem. Art. 6 Abs. 1 lit. b) DS-GVO beruht. Beim Auskunftsrecht und beim\u00a0L\u00f6schungsrecht gelten die Einschr\u00e4nkungen nach \u00a7\u00a7 34 und 35 BDSG.<\/p>\n<p><strong>b) Widerruf einer Einwilligung nach Art. 7 Abs. 3 DS-GVO<\/strong><\/p>\n<p>Beruht die Verarbeitung auf einer Einwilligung, k\u00f6nnen Sie die erteilte Einwilligung in die Verarbeitung\u00a0personenbezogener Daten jederzeit widerrufen. Dies gilt auch f\u00fcr den Widerruf von\u00a0Einwilligungserkl\u00e4rungen, die vor der Geltung der EU-Datenschutz-Grundverordnung, also vor dem Mai 2018, erteilt worden sind. Bitte beachten Sie, dass der Widerruf erst f\u00fcr die\u00a0Zukunft wirkt. Verarbeitungen, die vor dem Widerruf erfolgt sind, sind davon nicht betroffen.<\/p>\n<p><strong>c) Beschwerderecht<\/strong><\/p>\n<p>Sie haben die M\u00f6glichkeit, sich mit einer Beschwerde an den Hebelbund L\u00f6rrach oder an eine Datenschutzaufsichtsbeh\u00f6rde zu wenden, insbesondere in dem Mitgliedstaat Ihres Aufenthaltsortes,\u00a0oder des Orts des mutma\u00dflichen Versto\u00dfes (Artikel 77 DS-GVO i.V.m. \u00a7 19 BDSG).<\/p>\n<p><strong>d) Widerspruchsrecht nach Artikel 21 DS-GVO<\/strong><\/p>\n<p>Zus\u00e4tzlich zu den vorgenannten Rechten, steht Ihnen ein einzelfallbezogenes Widerspruchsrecht wie\u00a0folgt zu:<\/p>\n<p>Sie haben das Recht, aus Gr\u00fcnden, die sich aus Ihrer besonderen Situation ergeben, jederzeit gegen\u00a0die Verarbeitung Sie betreffender personenbezogener Daten, die aufgrund Artikel 6 Abs. 1 lit. f)\u00a0DS-GVO (Datenverarbeitung auf der Grundlage einer Interessenabw\u00e4gung) erfolgt, Widerspruch\u00a0einzulegen.<\/p>\n<p>Legen Sie Widerspruch ein, werden wir Ihre personenbezogenen Daten nicht mehr verarbeiten, es sei\u00a0denn, wir k\u00f6nnen zwingende schutzw\u00fcrdige Gr\u00fcnde f\u00fcr die Verarbeitung nachweisen, die Ihre\u00a0Interessen, Rechte und Freiheiten \u00fcberwiegen, oder die Verarbeitung dient der Geltendmachung,\u00a0Aus\u00fcbung oder Verteidigung von Rechtsanspr\u00fcchen.<\/p>\n<p>Der Widerspruch kann formfrei an die unter Ziffer 1 angegebene Stelle erfolgen.<\/p>\n","protected":false},"excerpt":{"rendered":"<p>Wir beachten die Regeln der anwendbaren Datenschutzgesetze. Mit den nachfolgenden Informationen geben wir einen \u00dcberblick \u00fcber die Verarbeitung\u00a0personenbezogener Daten unserer Mitglieder, Kooperationspartner, Vertragspartner und Sponsoren und deren Rechte aus der Datenschutz-Grundverordnung\u00a0(DS-GVO) und dem Bundesdatenschutzgesetz (BDSG). Wer\u00a0ist f\u00fcr die Datenverarbeitung verantwortlich und an wen kann ich mich wenden? Verantwortliche Stelle i.S.v. Art. 4 Nr. 7 DSGVO &hellip; <a href=\"https:\/\/hebelbund.de\/?page_id=891\" class=\"more-link\">Continue reading <span class=\"screen-reader-text\">Datenschutzerkl\u00e4rung<\/span><\/a><\/p>\n","protected":false},"author":3,"featured_media":0,"parent":0,"menu_order":0,"comment_status":"closed","ping_status":"closed","template":"","meta":{"footnotes":""},"class_list":["post-891","page","type-page","status-publish","hentry"],"_links":{"self":[{"href":"https:\/\/hebelbund.de\/index.php?rest_route=\/wp\/v2\/pages\/891","targetHints":{"allow":["GET"]}}],"collection":[{"href":"https:\/\/hebelbund.de\/index.php?rest_route=\/wp\/v2\/pages"}],"about":[{"href":"https:\/\/hebelbund.de\/index.php?rest_route=\/wp\/v2\/types\/page"}],"author":[{"embeddable":true,"href":"https:\/\/hebelbund.de\/index.php?rest_route=\/wp\/v2\/users\/3"}],"replies":[{"embeddable":true,"href":"https:\/\/hebelbund.de\/index.php?rest_route=%2Fwp%2Fv2%2Fcomments&post=891"}],"version-history":[{"count":10,"href":"https:\/\/hebelbund.de\/index.php?rest_route=\/wp\/v2\/pages\/891\/revisions"}],"predecessor-version":[{"id":1755,"href":"https:\/\/hebelbund.de\/index.php?rest_route=\/wp\/v2\/pages\/891\/revisions\/1755"}],"wp:attachment":[{"href":"https:\/\/hebelbund.de\/index.php?rest_route=%2Fwp%2Fv2%2Fmedia&parent=891"}],"curies":[{"name":"wp","href":"https:\/\/api.w.org\/{rel}","templated":true}]}}